{"id":3,"date":"2023-07-11T17:47:14","date_gmt":"2023-07-11T15:47:14","guid":{"rendered":"http:\/\/indicadorsocial.com\/clientes\/tie\/?page_id=3"},"modified":"2023-08-16T00:15:55","modified_gmt":"2023-08-16T06:15:55","slug":"politica-privacidad","status":"publish","type":"page","link":"https:\/\/www.tie-mx.com\/en\/politica-privacidad\/","title":{"rendered":"Pol\u00edtica de privacidad"},"content":{"rendered":"\t\t<div data-elementor-type=\"wp-page\" data-elementor-id=\"3\" class=\"elementor elementor-3\">\n\t\t\t\t\t\t\t\t\t<section class=\"elementor-section elementor-top-section elementor-element elementor-element-505c53f0 elementor-section-boxed elementor-section-height-default elementor-section-height-default\" data-id=\"505c53f0\" data-element_type=\"section\">\n\t\t\t\t\t\t<div class=\"elementor-container elementor-column-gap-default\">\n\t\t\t\t\t<div class=\"elementor-column elementor-col-100 elementor-top-column elementor-element elementor-element-25fa038\" data-id=\"25fa038\" data-element_type=\"column\">\n\t\t\t<div class=\"elementor-widget-wrap elementor-element-populated\">\n\t\t\t\t\t\t\t\t<div class=\"elementor-element elementor-element-bc55877 elementor-widget elementor-widget-text-editor\" data-id=\"bc55877\" data-element_type=\"widget\" data-widget_type=\"text-editor.default\">\n\t\t\t\t<div class=\"elementor-widget-container\">\n\t\t\t<style>\/*! elementor - v3.14.0 - 26-06-2023 *\/\n.elementor-widget-text-editor.elementor-drop-cap-view-stacked .elementor-drop-cap{background-color:#69727d;color:#fff}.elementor-widget-text-editor.elementor-drop-cap-view-framed .elementor-drop-cap{color:#69727d;border:3px solid;background-color:transparent}.elementor-widget-text-editor:not(.elementor-drop-cap-view-default) .elementor-drop-cap{margin-top:8px}.elementor-widget-text-editor:not(.elementor-drop-cap-view-default) .elementor-drop-cap-letter{width:1em;height:1em}.elementor-widget-text-editor .elementor-drop-cap{float:left;text-align:center;line-height:1;font-size:50px}.elementor-widget-text-editor .elementor-drop-cap-letter{display:inline-block}<\/style>\t\t\t\t<!-- wp:heading -->\r\n<p style=\"font-weight: 400;\"><em>Clientes<\/em> y futuros clientes, la finalidad es dar a conocer informaci\u00f3n sobre nuestros servicios, obtener cotizaciones, pedidos, con el objetivo manejar adecuadamente las relaciones contractuales o comerciales con Usted.<\/p>\r\n<p style=\"font-weight: 400;\"><em>Empleados<\/em>, los datos personales ser\u00e1n utilizados con la finalidad de realizar su expediente laboral y personal, pago de n\u00f3mina, otorgarle prestaciones de ley, realizar el c\u00e1lculo y pago de impuestos derivados de la relaci\u00f3n de trabajo.<\/p>\r\n<p style=\"font-weight: 400;\"><em>Solicitudes de Empleo<\/em>, se utilizan con la finalidad de conocer su perfil para el puesto, experiencia, habilidades, conocimientos, aptitudes, antecedentes,\u00a0 referencias laborales, dar seguimiento al proceso de contrataci\u00f3n, realizar ex\u00e1menes m\u00e9dicos, en su caso estudios socioecon\u00f3micos y\/o psicom\u00e9tricos asi como dar referencias laborales.<\/p>\r\n<p style=\"font-weight: 400;\"><em>Proveedores<\/em>, con la finalidad de llevar a cabo potenciales relaciones contractuales o comerciales con Usted.<\/p>\r\n<p style=\"font-weight: 400;\"><em>Visitantes<\/em>, la finalidad de sus datos personales es de mantener la seguridad de las instalaciones donde opera THE INTEGRA ENGINEERING S.A DE DE C.V<\/p>\r\n<p style=\"font-weight: 400;\">Domicilio: Poniente 150 738, Col Industrial Vallejo, Alcaldia Azcapotzalco Ciudad de M\u00e9xico CP 02300.<\/p>\r\n<p style=\"font-weight: 400;\">Toda la informaci\u00f3n recabada es para uso interno y en ning\u00fan caso comercializaremos y\/o traspasaremos su informaci\u00f3n personal a un tercero sin un consentimiento previo de su parte. Algunos datos personales podr\u00e1n ser transferidos y tratados \u00fanicamente para el cumplimiento de leyes aplicables, finalmente: en virtud de que transferiremos\u00a0datos personales sensibles, requerimos de su consentimiento expreso, de conformidad con lo que establece el art\u00edculo 9 de la LFPDP, por lo que solicitamos indique si acepta esta transferencia.<\/p>\r\n<p style=\"font-weight: 400;\">THE INTEGRA ENGINEERING SA DE CV\u00a0 cancelara de sus datos personales una vez que cumplan con la finalidad que justific\u00f3 su tratamiento, haci\u00e9ndole llegar la informaci\u00f3n pertinente mediante los mecanismos provistos. Excepto en t\u00e9rminos de los art\u00edculos 26 y 34 de la LFPDP. El correo electr\u00f3nico de contacto ser\u00e1:\u00a0<a href=\"mailto:alarcon.d@tie-mx.com%20\">alarcon.d@tie-mx.com<\/a><\/p>\r\n<p style=\"font-weight: 400;\">Si desea obtener respuesta oportuna en los t\u00e9rminos de la LFPDP, deber\u00e1 hacernos llegar su solicitud con la siguiente informaci\u00f3n: Nombre y domicilio, Documento que acredite la identidad, Descripci\u00f3n concisa y clara que describa los derechos que desea ejercer, as\u00ed como los datos personales involucrados. La respuesta a su solicitud se le har\u00e1 llegar dentro de los plazos que marca la LFPDP siempre excepto en los supuestos de excepci\u00f3n del art\u00edculo 26 de la misma Ley y 75 del reglamento, respectivamente. En todo momento, usted podr\u00e1 revocar el consentimiento que nos ha otorgado para el tratamiento de sus datos personales<\/p>\r\n<p><span style=\"font-weight: 400;\">De no contar con su correo electr\u00f3nico, la notificaci\u00f3n se har\u00e1 en la p\u00e1gina web https:\/\/www.tie-mx.com\/<\/span><\/p>\r\n<!-- \/wp:paragraph -->\t\t\t\t\t\t<\/div>\n\t\t\t\t<\/div>\n\t\t\t\t\t<\/div>\n\t\t<\/div>\n\t\t\t\t\t\t\t<\/div>\n\t\t<\/section>\n\t\t\t\t\t\t\t<\/div>\n\t\t","protected":false},"excerpt":{"rendered":"<p>Clientes y futuros clientes, la finalidad es dar a conocer informaci\u00f3n sobre nuestros servicios, obtener cotizaciones, pedidos, con el objetivo manejar adecuadamente las relaciones contractuales o comerciales con Usted. Empleados, los datos personales ser\u00e1n utilizados con la finalidad de realizar su expediente laboral y personal, pago de n\u00f3mina, otorgarle prestaciones de ley, realizar el c\u00e1lculo [&hellip;]<\/p>\n","protected":false},"author":1,"featured_media":0,"parent":0,"menu_order":0,"comment_status":"closed","ping_status":"open","template":"","meta":{"footnotes":""},"class_list":["post-3","page","type-page","status-publish","hentry"],"_links":{"self":[{"href":"https:\/\/www.tie-mx.com\/en\/wp-json\/wp\/v2\/pages\/3","targetHints":{"allow":["GET"]}}],"collection":[{"href":"https:\/\/www.tie-mx.com\/en\/wp-json\/wp\/v2\/pages"}],"about":[{"href":"https:\/\/www.tie-mx.com\/en\/wp-json\/wp\/v2\/types\/page"}],"author":[{"embeddable":true,"href":"https:\/\/www.tie-mx.com\/en\/wp-json\/wp\/v2\/users\/1"}],"replies":[{"embeddable":true,"href":"https:\/\/www.tie-mx.com\/en\/wp-json\/wp\/v2\/comments?post=3"}],"version-history":[{"count":4,"href":"https:\/\/www.tie-mx.com\/en\/wp-json\/wp\/v2\/pages\/3\/revisions"}],"predecessor-version":[{"id":3736,"href":"https:\/\/www.tie-mx.com\/en\/wp-json\/wp\/v2\/pages\/3\/revisions\/3736"}],"wp:attachment":[{"href":"https:\/\/www.tie-mx.com\/en\/wp-json\/wp\/v2\/media?parent=3"}],"curies":[{"name":"wp","href":"https:\/\/api.w.org\/{rel}","templated":true}]}}